{"id":840,"date":"2014-03-25T09:30:21","date_gmt":"2014-03-25T08:30:21","guid":{"rendered":"http:\/\/lucchinistephanearchitecte.com\/?page_id=840"},"modified":"2023-08-16T10:35:52","modified_gmt":"2023-08-16T09:35:52","slug":"liens-nos-partenaires","status":"publish","type":"page","link":"https:\/\/lucchinistephanearchitecte.com\/architecte-en-corse\/liens-nos-partenaires\/","title":{"rendered":"LIENS"},"content":{"rendered":"<h3><a href=\"http:\/\/www.archicasa.fr\" target=\"_blank\" rel=\"noopener noreferrer\"><span style=\"color: #993300;\">Archicasa.fr<\/span><\/a><\/h3>\n<p><span class=\"accueil_petit\">Le Conseil R\u00e9gional de l&rsquo;Ordre des Architectes<\/span> vous plonge dans la diversit\u00e9 de la cr\u00e9ation architecturale en Corse<br \/>\nVoir le site Web: <a href=\"http:\/\/www.archicasa.fr\" target=\"_blank\" rel=\"noopener noreferrer\">www.archicasa.fr<\/a><\/p>\n<h3><a href=\"https:\/\/www.murtoli.com\/\" target=\"_blank\" rel=\"noopener noreferrer\"><span style=\"color: #993300;\">Domaine de Murtoli<\/span><\/a><\/h3>\n<p>Un espace de plus de 2000 hectares et 8 kilom\u00e8tres de littoral.<br \/>\nLa mer en majest\u00e9 et les montagnes \u00e0 l\u2019infini&#8230;<br \/>\nVoir le site Web: <a href=\"http:\/\/www.murtoli.com\" target=\"_blank\" rel=\"noopener noreferrer\"> www.murtoli.com<\/a><\/p>\n<h3><span style=\"color: #000080;\"><a style=\"color: #000080;\" href=\"https:\/\/www.vianotte.com\/\" target=\"_blank\" rel=\"noopener noreferrer\"><span style=\"color: #993300;\">Discoth\u00e8que VIA NOTTE<\/span><\/a><\/span><\/h3>\n<p>Via Notte | club, discotheque, corse, sud, porto vecchio<br \/>\nVoir le site Web: <a href=\"https:\/\/www.vianotte.com\/\" target=\"_blank\" rel=\"noopener noreferrer\">www.vianotte.com<\/a><\/p>\n<h3><span style=\"color: #993300;\"><a style=\"color: #993300;\" href=\"http:\/\/www.demoro.fr\" target=\"_blank\" rel=\"noopener noreferrer\">De Moro<\/a><\/span><\/h3>\n<p>Promoteur-constructeur en Corse, l&rsquo;entreprise DE MORO est le sp\u00e9cialiste des programmes immobiliers depuis 30 ans.<br \/>\nVoir le site Web: <a href=\"http:\/\/www.demoro.fr\" target=\"_blank\" rel=\"noopener noreferrer\"> www.demoro.fr<\/a><\/p>\n<h3><span style=\"color: #993300;\"><a style=\"color: #993300;\" href=\"https:\/\/www.brandizipromotion.com\/\" target=\"_blank\" rel=\"noopener noreferrer\">Brandizi Promotion<\/a><\/span><\/h3>\n<p>Repr\u00e9sentant la filiale promotion immobili\u00e8re du groupe BRANDIZI, l&rsquo;entreprise r\u00e9pond aux besoins de l\u2019immobilier en Corse depuis 2003.<br \/>\nVoir le site Web: <a href=\"https:\/\/www.brandizipromotion.com\/\" target=\"_blank\" rel=\"noopener noreferrer\">www.brandizipromotion.com<\/a><\/p>\n<h3><span style=\"color: #993300;\"><a style=\"color: #993300;\" href=\"http:\/\/www.acs-production.com\" target=\"_blank\" rel=\"noopener noreferrer\">ACS Production<\/a><\/span><\/h3>\n<p>ACS Production g\u00e8re sur les 5 continents des projets dans tous les domaines de l&rsquo;architecture textile (B\u00e2timents sportifs,,&#8230;).<br \/>\nVoir le site Web: <a href=\"http:\/\/www.acs-production.com\" target=\"_blank\" rel=\"noopener noreferrer\">www.acs-production.com<\/a><\/p>\n<h3><span style=\"color: #993300;\"><a style=\"color: #993300;\" href=\"https:\/\/barnes-corse.com\/\" target=\"_blank\" rel=\"noopener noreferrer\">Calarossa-immo<\/a><\/span><\/h3>\n<p>Acteur incontournable de l\u2019immobilier de luxe et de prestige en Corse, l\u2019Agence Cala Rossa<br \/>\nVoir le site Web: <a href=\"https:\/\/barnes-corse.com\/\" target=\"_blank\" rel=\"noopener noreferrer\">www.calarossa-immo.com<\/a><\/p>\n<h3><span style=\"color: #993300;\"><a style=\"color: #993300;\" href=\"https:\/\/www.camille-moirenc.com\/\" target=\"_blank\" rel=\"noopener noreferrer\">CAMILLE MOIRENC photographe en Provence<\/a><\/span><\/h3>\n<p>Cela fait 25 ans qu\u2019il parcourt sa Provence natale. Elle est son sujet de pr\u00e9dilection&#8230;<br \/>\nVoir le site Web: <a href=\"https:\/\/www.camille-moirenc.com\/\" target=\"_blank\" rel=\"noopener noreferrer\">www.camille-moirenc.com<\/a><\/p>\n<h3><span style=\"color: #993300;\"><a style=\"color: #993300;\" href=\"http:\/\/www.cncalvi.com\" target=\"_blank\" rel=\"noopener noreferrer\">CNCalvi<\/a><\/span><\/h3>\n<p>La soci\u00e9t\u00e9 Chantiers Navals de Calvi vous propose une gamme compl\u00e8te de services appliqu\u00e9s au motonautisme. Location de bateaux avec ou sans skipper Vente de bateaux neufs et d\u2019occasion.<br \/>\nVoir le site Web: <a href=\"http:\/\/www.cncalvi.com\" target=\"_blank\" rel=\"noopener noreferrer\">www.cncalvi.com<\/a><\/p>\n<h3><span style=\"color: #993300;\"><a style=\"color: #993300;\" href=\"https:\/\/www.masalledebain.com\/\" target=\"_blank\" rel=\"noopener noreferrer\">masalledebain.com<\/a><\/span><\/h3>\n<p>masalledebain.com, 1er magasin en ligne d\u00e9di\u00e9 \u00e0 la salle de bains<br \/>\nVoir le site Web: <a href=\"https:\/\/www.masalledebain.com\/\" target=\"_blank\" rel=\"noopener noreferrer\">www.masalledebain.com<\/a><\/p>\n<h3><span style=\"color: #993300;\"><a style=\"color: #993300;\" href=\"https:\/\/www.lechemindesvignobles.corsica\/\" target=\"_blank\" rel=\"noopener noreferrer\">Le chemin des Vignobles<\/a><\/span><\/h3>\n<p>Nicolas Stromboni \u00e9lu meilleur caviste 2011 par la Revue des Vins de France (N\u00b0548 \u2013 F\u00e9vrier 2011) 800 r\u00e9f\u00e9rences, des vins de terroir, des flacons rares, une cave\u2026<br \/>\nVoir le site Web: <a href=\"https:\/\/www.lechemindesvignobles.corsica\/\" target=\"_blank\" rel=\"noopener noreferrer\">www.chemin-des-vignobles.fr<\/a><\/p>\n<h3><span style=\"color: #993300;\"><a style=\"color: #993300;\" href=\"https:\/\/www.kalliste-communication.com\" target=\"_blank\" rel=\"noopener noreferrer\">Kalliste-communication.com<\/a><\/span><\/h3>\n<p>Agence de communication en Corse &#8211; kalliste-communication.com vous accompagne dans votre communication: Conception de site internet, sp\u00e9cialis\u00e9 dans la communication pour les professionnels de l\u2019immobilier,cr\u00e9ation d&rsquo;images de synth\u00e8ses, Images 3D pour promoteurs, reportage entreprise: photos et vid\u00e9os en drone, r\u00e9f\u00e9rencement en premi\u00e8re page de Google.<br \/>\nVoir le site Web: <a href=\"https:\/\/www.kalliste-communication.com\" target=\"_blank\" rel=\"noopener noreferrer\">www.kalliste-communication.com<\/a><\/p>\n","protected":false},"excerpt":{"rendered":"<p>Archicasa.fr Le Conseil R\u00e9gional de l&rsquo;Ordre des Architectes vous plonge dans la diversit\u00e9 de la cr\u00e9ation architecturale en Corse Voir le site Web: www.archicasa.fr Domaine de Murtoli Un espace de plus de 2000 hectares et 8 kilom\u00e8tres de littoral. La mer en majest\u00e9 et les montagnes \u00e0 l\u2019infini&#8230; Voir le [&hellip;]<\/p>\n","protected":false},"author":1,"featured_media":0,"parent":0,"menu_order":0,"comment_status":"closed","ping_status":"closed","template":"","meta":{"footnotes":""},"class_list":["post-840","page","type-page","status-publish","hentry"],"_links":{"self":[{"href":"https:\/\/lucchinistephanearchitecte.com\/architecte-en-corse\/wp-json\/wp\/v2\/pages\/840"}],"collection":[{"href":"https:\/\/lucchinistephanearchitecte.com\/architecte-en-corse\/wp-json\/wp\/v2\/pages"}],"about":[{"href":"https:\/\/lucchinistephanearchitecte.com\/architecte-en-corse\/wp-json\/wp\/v2\/types\/page"}],"author":[{"embeddable":true,"href":"https:\/\/lucchinistephanearchitecte.com\/architecte-en-corse\/wp-json\/wp\/v2\/users\/1"}],"replies":[{"embeddable":true,"href":"https:\/\/lucchinistephanearchitecte.com\/architecte-en-corse\/wp-json\/wp\/v2\/comments?post=840"}],"version-history":[{"count":10,"href":"https:\/\/lucchinistephanearchitecte.com\/architecte-en-corse\/wp-json\/wp\/v2\/pages\/840\/revisions"}],"predecessor-version":[{"id":6251,"href":"https:\/\/lucchinistephanearchitecte.com\/architecte-en-corse\/wp-json\/wp\/v2\/pages\/840\/revisions\/6251"}],"wp:attachment":[{"href":"https:\/\/lucchinistephanearchitecte.com\/architecte-en-corse\/wp-json\/wp\/v2\/media?parent=840"}],"curies":[{"name":"wp","href":"https:\/\/api.w.org\/{rel}","templated":true}]}}