{"id":1001,"date":"2018-05-15T09:35:27","date_gmt":"2018-05-15T08:35:27","guid":{"rendered":"http:\/\/dessau.select-themes.com\/?page_id=1001"},"modified":"2020-06-22T14:06:24","modified_gmt":"2020-06-22T13:06:24","slug":"nous-contacter-l-agence-d-architecte-stephane-lucchini-a-bastia","status":"publish","type":"page","link":"https:\/\/lucchinistephanearchitecte.com\/architecte-en-corse\/nous-contacter-l-agence-d-architecte-stephane-lucchini-a-bastia\/","title":{"rendered":"Nous Contacter"},"content":{"rendered":"<div class=\"wpb-content-wrapper\"><p>[vc_row][vc_column][vc_raw_html]JTNDaWZyYW1lJTIwc3JjJTNEJTIyaHR0cHMlM0ElMkYlMkZ3d3cuZ29vZ2xlLmNvbSUyRm1hcHMlMkZlbWJlZCUzRnBiJTNEJTIxMW0xOCUyMTFtMTIlMjExbTMlMjExZDk5Mi43ODMwMjIzMzI5OTkyJTIxMmQ5LjQ1MjAwMzgyOTI3MDk4NyUyMTNkNDIuNjkyNTMyOTk4Njk3ODY0JTIxMm0zJTIxMWYwJTIxMmYwJTIxM2YwJTIxM20yJTIxMWkxMDI0JTIxMmk3NjglMjE0ZjEzLjElMjEzbTMlMjExbTIlMjExczB4MTJkNzI0MDk2ZjM0MGQ0ZCUyNTNBMHg1MDJjOWRmNGIxYjFhMTQlMjEyc0xVQ0NISU5JJTI1MjBTdCUyNUMzJTI1QTlwaGFuZSUyNTIwLSUyNTIwQXJjaGl0ZWN0ZSUyMTVlMSUyMTNtMiUyMTFzZnIlMjEyc2ZyJTIxNHYxNTkyMzk2Mzk4MDc2JTIxNW0yJTIxMXNmciUyMTJzZnIlMjIlMjB3aWR0aCUzRCUyMjE5MjAlMjIlMjBoZWlnaHQlM0QlMjI2MDAlMjIlMjBmcmFtZWJvcmRlciUzRCUyMjAlMjIlMjBzdHlsZSUzRCUyMmJvcmRlciUzQTAlM0IlMjIlMjBhbGxvd2Z1bGxzY3JlZW4lM0QlMjIlMjIlMjBhcmlhLWhpZGRlbiUzRCUyMmZhbHNlJTIyJTIwdGFiaW5kZXglM0QlMjIwJTIyJTNFJTNDJTJGaWZyYW1lJTNF[\/vc_raw_html][\/vc_column][\/vc_row][vc_row row_content_width=\u00a0\u00bbgrid\u00a0\u00bb css=\u00a0\u00bb.vc_custom_1526384984851{padding-top: 100px !important;padding-bottom: 80px !important;}\u00a0\u00bb][vc_column width=\u00a0\u00bb5\/6&Prime; offset=\u00a0\u00bbvc_col-lg-offset-2 vc_col-lg-8 vc_col-md-offset-1 vc_col-md-10 vc_col-sm-offset-1&Prime;]<div class=\"qodef-section-title-holder  qodef-st-corners qodef-st-title-left qodef-st-normal-space  \" style=\"text-align: center\">\n\t<div class=\"qodef-st-inner\">\n                    <span class=\"qodef-corner-line line-1\"><\/span>\n            <span class=\"qodef-corner-line line-2\"><\/span>\n            <span class=\"qodef-corner-line line-3\"><\/span>\n            <span class=\"qodef-corner-line line-4\"><\/span>\n        \t\t\t\t\t<h2 class=\"qodef-st-title\" >\n\t\t\t\tSt\u00e9phane Lucchini<br \/>\nArchitecte DPLG\t\t\t<\/h2>\n\t\t\t\t\t\t\t<span class=\"qodef-st-text\" >\n\t\t\t\tL'architecte Stephane LUCCHINi, architecte DPLG \u00e0 Bastia, r\u00e9alise vos plans d'architecte pour la construction ou la r\u00e9novation de maison en Corse.\t\t\t<\/span>\n\t\t\t<\/div>\n<\/div>[\/vc_column][\/vc_row][vc_row content_placement=\u00a0\u00bbtop\u00a0\u00bb row_content_width=\u00a0\u00bbgrid\u00a0\u00bb css=\u00a0\u00bb.vc_custom_1528990554398{padding-bottom: 175px !important;}\u00a0\u00bb][vc_column width=\u00a0\u00bb5\/6&Prime; offset=\u00a0\u00bbvc_col-lg-offset-0 vc_col-lg-5 vc_col-md-offset-2 vc_col-md-8 vc_col-sm-offset-1&Prime;][vc_column_text]<\/p>\n<h3>Nous trouver<\/h3>\n<p>[\/vc_column_text][vc_column_text]Vous pouvez nous contacter directement par t\u00e9l\u00e9phone ou via notre formulaire de contact. Un plan Google vous permettra de nous localiser dans Bastia afin que vous puissiez nous rencontrer dans notre agence.[\/vc_column_text][vc_empty_space height=\u00a0\u00bb23px\u00a0\u00bb][vc_row_inner][vc_column_inner width=\u00a0\u00bb1\/6&Prime; offset=\u00a0\u00bbvc_col-xs-4&Prime;][vc_separator color=\u00a0\u00bbcustom\u00a0\u00bb align=\u00a0\u00bbalign_left\u00a0\u00bb el_width=\u00a0\u00bb70&Prime; accent_color=\u00a0\u00bb#e5e5e5&Prime; css=\u00a0\u00bb.vc_custom_1528112018257{padding-top: 30px !important;}\u00a0\u00bb][vc_empty_space height=\u00a0\u00bb13px\u00a0\u00bb][\/vc_column_inner][vc_column_inner width=\u00a0\u00bb5\/12&Prime; offset=\u00a0\u00bbvc_col-xs-8&Prime;][vc_column_text]<a href=\"https:\/\/www.google.com\/maps?ll=42.692445,9.452533&amp;z=18&amp;t=h&amp;hl=fr&amp;gl=US&amp;mapclient=embed&amp;q=9+Chemin+des+Turquines+20200+Bastia\" target=\"_blank\" rel=\"noopener noreferrer\"> 9 Chemin des Turquines &#8211; La Citadelle &#8211; 20200 Bastia <\/a>[\/vc_column_text][vc_empty_space height=\u00a0\u00bb8px\u00a0\u00bb][\/vc_column_inner][vc_column_inner width=\u00a0\u00bb5\/12&Prime; offset=\u00a0\u00bbvc_col-sm-offset-0 vc_col-xs-offset-4 vc_col-xs-8&Prime;][vc_column_text]T +33(0) 4 95 31 58 80<br \/>\nF +33(0) 4 95 31 59 42[\/vc_column_text][vc_empty_space height=\u00a0\u00bb8px\u00a0\u00bb][\/vc_column_inner][\/vc_row_inner][vc_empty_space height=\u00a0\u00bb56px\u00a0\u00bb][\/vc_column][vc_column width=\u00a0\u00bb1\/12&Prime; offset=\u00a0\u00bbvc_hidden-md vc_hidden-sm vc_hidden-xs\u00a0\u00bb][\/vc_column][vc_column width=\u00a0\u00bb5\/6&Prime; offset=\u00a0\u00bbvc_col-lg-offset-0 vc_col-lg-6 vc_col-md-offset-2 vc_col-md-8 vc_col-sm-offset-1&Prime;][vc_empty_space height=\u00a0\u00bb8px\u00a0\u00bb]\n<div class=\"wpcf7 no-js\" id=\"wpcf7-f1050-o1\" lang=\"en-US\" dir=\"ltr\">\n<div class=\"screen-reader-response\"><p role=\"status\" aria-live=\"polite\" aria-atomic=\"true\"><\/p> <ul><\/ul><\/div>\n<form action=\"\/architecte-en-corse\/wp-json\/wp\/v2\/pages\/1001#wpcf7-f1050-o1\" method=\"post\" class=\"wpcf7-form init\" aria-label=\"Contact form\" novalidate=\"novalidate\" data-status=\"init\">\n<div style=\"display: none;\">\n<input type=\"hidden\" name=\"_wpcf7\" value=\"1050\" \/>\n<input type=\"hidden\" name=\"_wpcf7_version\" value=\"5.9.8\" \/>\n<input type=\"hidden\" name=\"_wpcf7_locale\" value=\"en_US\" \/>\n<input type=\"hidden\" name=\"_wpcf7_unit_tag\" value=\"wpcf7-f1050-o1\" \/>\n<input type=\"hidden\" name=\"_wpcf7_container_post\" value=\"0\" \/>\n<input type=\"hidden\" name=\"_wpcf7_posted_data_hash\" value=\"\" \/>\n<\/div>\n<div class=\"qodef-newsletter\">\n\t<p><span class=\"wpcf7-form-control-wrap\" data-name=\"your-name\"><input size=\"40\" maxlength=\"400\" class=\"wpcf7-form-control wpcf7-text wpcf7-validates-as-required\" aria-required=\"true\" aria-invalid=\"false\" placeholder=\"Entrez votre Nom\" value=\"\" type=\"text\" name=\"your-name\" \/><\/span><br \/>\n<span class=\"wpcf7-form-control-wrap\" data-name=\"tel\"><input size=\"40\" maxlength=\"400\" class=\"wpcf7-form-control wpcf7-text\" aria-invalid=\"false\" placeholder=\"Votre T\u00e9l\u00e9phone\" value=\"\" type=\"text\" name=\"tel\" \/><\/span><br \/>\n<span class=\"wpcf7-form-control-wrap\" data-name=\"your-email\"><input size=\"40\" maxlength=\"400\" class=\"wpcf7-form-control wpcf7-email wpcf7-validates-as-required wpcf7-text wpcf7-validates-as-email\" aria-required=\"true\" aria-invalid=\"false\" placeholder=\"Eregistrez votre email\" value=\"\" type=\"email\" name=\"your-email\" \/><\/span><br \/>\n<span class=\"wpcf7-form-control-wrap\" data-name=\"your-message\"><textarea cols=\"40\" rows=\"10\" maxlength=\"2000\" class=\"wpcf7-form-control wpcf7-textarea\" aria-invalid=\"false\" placeholder=\"Tapez votre demande ici...\" name=\"your-message\"><\/textarea><\/span><br \/>\n<input class=\"wpcf7-form-control wpcf7-submit has-spinner\" type=\"submit\" value=\"Envoyer\" \/>\n\t<\/p>\n<\/div><p style=\"display: none !important;\" class=\"akismet-fields-container\" data-prefix=\"_wpcf7_ak_\"><label>&#916;<textarea name=\"_wpcf7_ak_hp_textarea\" cols=\"45\" rows=\"8\" maxlength=\"100\"><\/textarea><\/label><input type=\"hidden\" id=\"ak_js_1\" name=\"_wpcf7_ak_js\" value=\"229\"\/><script>document.getElementById( \"ak_js_1\" ).setAttribute( \"value\", ( new Date() ).getTime() );<\/script><\/p><div class=\"wpcf7-response-output\" aria-hidden=\"true\"><\/div>\n<\/form>\n<\/div>\n[\/vc_column][\/vc_row]<\/p>\n<\/div>","protected":false},"excerpt":{"rendered":"<p>[vc_row][vc_column][vc_raw_html]JTNDaWZyYW1lJTIwc3JjJTNEJTIyaHR0cHMlM0ElMkYlMkZ3d3cuZ29vZ2xlLmNvbSUyRm1hcHMlMkZlbWJlZCUzRnBiJTNEJTIxMW0xOCUyMTFtMTIlMjExbTMlMjExZDk5Mi43ODMwMjIzMzI5OTkyJTIxMmQ5LjQ1MjAwMzgyOTI3MDk4NyUyMTNkNDIuNjkyNTMyOTk4Njk3ODY0JTIxMm0zJTIxMWYwJTIxMmYwJTIxM2YwJTIxM20yJTIxMWkxMDI0JTIxMmk3NjglMjE0ZjEzLjElMjEzbTMlMjExbTIlMjExczB4MTJkNzI0MDk2ZjM0MGQ0ZCUyNTNBMHg1MDJjOWRmNGIxYjFhMTQlMjEyc0xVQ0NISU5JJTI1MjBTdCUyNUMzJTI1QTlwaGFuZSUyNTIwLSUyNTIwQXJjaGl0ZWN0ZSUyMTVlMSUyMTNtMiUyMTFzZnIlMjEyc2ZyJTIxNHYxNTkyMzk2Mzk4MDc2JTIxNW0yJTIxMXNmciUyMTJzZnIlMjIlMjB3aWR0aCUzRCUyMjE5MjAlMjIlMjBoZWlnaHQlM0QlMjI2MDAlMjIlMjBmcmFtZWJvcmRlciUzRCUyMjAlMjIlMjBzdHlsZSUzRCUyMmJvcmRlciUzQTAlM0IlMjIlMjBhbGxvd2Z1bGxzY3JlZW4lM0QlMjIlMjIlMjBhcmlhLWhpZGRlbiUzRCUyMmZhbHNlJTIyJTIwdGFiaW5kZXglM0QlMjIwJTIyJTNFJTNDJTJGaWZyYW1lJTNF[\/vc_raw_html][\/vc_column][\/vc_row][vc_row row_content_width=\u00a0\u00bbgrid\u00a0\u00bb css=\u00a0\u00bb.vc_custom_1526384984851{padding-top: 100px !important;padding-bottom: 80px !important;}\u00a0\u00bb][vc_column width=\u00a0\u00bb5\/6&Prime; offset=\u00a0\u00bbvc_col-lg-offset-2 vc_col-lg-8 vc_col-md-offset-1 vc_col-md-10 vc_col-sm-offset-1&Prime;][\/vc_column][\/vc_row][vc_row content_placement=\u00a0\u00bbtop\u00a0\u00bb row_content_width=\u00a0\u00bbgrid\u00a0\u00bb css=\u00a0\u00bb.vc_custom_1528990554398{padding-bottom: 175px !important;}\u00a0\u00bb][vc_column width=\u00a0\u00bb5\/6&Prime; offset=\u00a0\u00bbvc_col-lg-offset-0 vc_col-lg-5 vc_col-md-offset-2 vc_col-md-8 vc_col-sm-offset-1&Prime;][vc_column_text] Nous trouver [\/vc_column_text][vc_column_text]Vous pouvez nous contacter directement par t\u00e9l\u00e9phone ou via notre formulaire de contact. Un plan Google vous permettra de nous localiser dans Bastia afin [&hellip;]<\/p>\n","protected":false},"author":1,"featured_media":0,"parent":0,"menu_order":0,"comment_status":"closed","ping_status":"closed","template":"full-width.php","meta":{"footnotes":""},"class_list":["post-1001","page","type-page","status-publish","hentry"],"_links":{"self":[{"href":"https:\/\/lucchinistephanearchitecte.com\/architecte-en-corse\/wp-json\/wp\/v2\/pages\/1001"}],"collection":[{"href":"https:\/\/lucchinistephanearchitecte.com\/architecte-en-corse\/wp-json\/wp\/v2\/pages"}],"about":[{"href":"https:\/\/lucchinistephanearchitecte.com\/architecte-en-corse\/wp-json\/wp\/v2\/types\/page"}],"author":[{"embeddable":true,"href":"https:\/\/lucchinistephanearchitecte.com\/architecte-en-corse\/wp-json\/wp\/v2\/users\/1"}],"replies":[{"embeddable":true,"href":"https:\/\/lucchinistephanearchitecte.com\/architecte-en-corse\/wp-json\/wp\/v2\/comments?post=1001"}],"version-history":[{"count":13,"href":"https:\/\/lucchinistephanearchitecte.com\/architecte-en-corse\/wp-json\/wp\/v2\/pages\/1001\/revisions"}],"predecessor-version":[{"id":5809,"href":"https:\/\/lucchinistephanearchitecte.com\/architecte-en-corse\/wp-json\/wp\/v2\/pages\/1001\/revisions\/5809"}],"wp:attachment":[{"href":"https:\/\/lucchinistephanearchitecte.com\/architecte-en-corse\/wp-json\/wp\/v2\/media?parent=1001"}],"curies":[{"name":"wp","href":"https:\/\/api.w.org\/{rel}","templated":true}]}}